{"id":178,"date":"2024-07-29T22:21:50","date_gmt":"2024-07-30T04:21:50","guid":{"rendered":"https:\/\/centroneurologicointegralguatemala.com.gt\/centro-neurologico-integral-guatemala\/?page_id=178"},"modified":"2024-09-16T20:54:09","modified_gmt":"2024-09-17T02:54:09","slug":"enfermedades-neuromusculares","status":"publish","type":"page","link":"https:\/\/centroneurologicointegralguatemala.com.gt\/centro-neurologico-integral-guatemala\/index.php\/somos-tu-centro-de\/enfermedades-neuromusculares\/","title":{"rendered":"Enfermedades Neuromusculares"},"content":{"rendered":"\t\t<div data-elementor-type=\"wp-page\" data-elementor-id=\"178\" class=\"elementor elementor-178\" data-elementor-post-type=\"page\">\n\t\t\t\t\t\t<section class=\"elementor-section elementor-top-section elementor-element elementor-element-5636c1f7 elementor-section-height-min-height elementor-section-boxed elementor-section-height-default elementor-section-items-middle\" data-id=\"5636c1f7\" data-element_type=\"section\" data-settings=\"{&quot;background_background&quot;:&quot;classic&quot;}\">\n\t\t\t\t\t\t\t<div class=\"elementor-background-overlay\"><\/div>\n\t\t\t\t\t\t\t<div class=\"elementor-container elementor-column-gap-default\">\n\t\t\t\t\t<div class=\"elementor-column elementor-col-100 elementor-top-column elementor-element elementor-element-11d935a5\" data-id=\"11d935a5\" data-element_type=\"column\">\n\t\t\t<div class=\"elementor-widget-wrap elementor-element-populated\">\n\t\t\t\t\t\t<div class=\"elementor-element elementor-element-473a720 elementor-widget elementor-widget-heading\" data-id=\"473a720\" data-element_type=\"widget\" data-widget_type=\"heading.default\">\n\t\t\t\t<div class=\"elementor-widget-container\">\n\t\t\t\t\t<h2 class=\"elementor-heading-title elementor-size-default\">Enfermedades Neuromusculares<\/h2>\t\t\t\t<\/div>\n\t\t\t\t<\/div>\n\t\t\t\t\t<\/div>\n\t\t<\/div>\n\t\t\t\t\t<\/div>\n\t\t<\/section>\n\t\t<div class=\"elementor-element elementor-element-4052f14 e-grid e-con-boxed e-con e-parent\" data-id=\"4052f14\" data-element_type=\"container\">\n\t\t\t\t\t<div class=\"e-con-inner\">\n\t\t<div class=\"elementor-element elementor-element-1b7c53a e-con-full e-flex e-con e-child\" data-id=\"1b7c53a\" data-element_type=\"container\">\n\t\t\t\t<div class=\"elementor-element elementor-element-ca68849 elementor-widget elementor-widget-heading\" data-id=\"ca68849\" data-element_type=\"widget\" data-widget_type=\"heading.default\">\n\t\t\t\t<div class=\"elementor-widget-container\">\n\t\t\t\t\t<h3 class=\"elementor-heading-title elementor-size-default\">\u00bfQu\u00e9 son las enfermedades neuromusculares?<\/h3>\t\t\t\t<\/div>\n\t\t\t\t<\/div>\n\t\t\t\t<div class=\"elementor-element elementor-element-a2806a4 elementor-widget elementor-widget-heading\" data-id=\"a2806a4\" data-element_type=\"widget\" data-widget_type=\"heading.default\">\n\t\t\t\t<div class=\"elementor-widget-container\">\n\t\t\t\t\t<h6 class=\"elementor-heading-title elementor-size-default\">Las enfermedades neuromusculares son un conjunto de m\u00e1s de 150 patolog\u00edas que afectan a la musculatura y al sistema nervioso, y cuya principal caracter\u00edstica es la p\u00e9rdida de fuerza muscular.<\/h6>\t\t\t\t<\/div>\n\t\t\t\t<\/div>\n\t\t\t\t<div class=\"elementor-element elementor-element-416342b elementor-widget elementor-widget-heading\" data-id=\"416342b\" data-element_type=\"widget\" data-widget_type=\"heading.default\">\n\t\t\t\t<div class=\"elementor-widget-container\">\n\t\t\t\t\t<h2 class=\"elementor-heading-title elementor-size-default\">Son enfermedades cr\u00f3nicas y en un alto porcentaje degenerativas, por lo que producen diferentes grados de discapacidad, p\u00e9rdida de autonom\u00eda personal y cargas psicosociales. Hoy en d\u00eda muy pocas disponen de tratamientos, y los que existen son paliativos, y en ning\u00fan caso curativos. <\/h2>\t\t\t\t<\/div>\n\t\t\t\t<\/div>\n\t\t\t\t<div class=\"elementor-element elementor-element-7e95eb6 elementor-widget elementor-widget-heading\" data-id=\"7e95eb6\" data-element_type=\"widget\" data-widget_type=\"heading.default\">\n\t\t\t\t<div class=\"elementor-widget-container\">\n\t\t\t\t\t<h2 class=\"elementor-heading-title elementor-size-default\">Su aparici\u00f3n puede producirse en cualquier etapa de la vida, pero m\u00e1s del 50% debutan en la infancia. En cifras globales, se calcula que existen 60.000 personas afectadas por enfermedad neuromuscular en toda Espa\u00f1a.<\/h2>\t\t\t\t<\/div>\n\t\t\t\t<\/div>\n\t\t\t\t<div class=\"elementor-element elementor-element-5c0f907 elementor-widget elementor-widget-heading\" data-id=\"5c0f907\" data-element_type=\"widget\" data-widget_type=\"heading.default\">\n\t\t\t\t<div class=\"elementor-widget-container\">\n\t\t\t\t\t<h2 class=\"elementor-heading-title elementor-size-default\">Las enfermedades neuromusculares son el grupo m\u00e1s prevalente dentro de las denominadas como enfermedades raras o poco frecuentes. <\/h2>\t\t\t\t<\/div>\n\t\t\t\t<\/div>\n\t\t\t\t<div class=\"elementor-element elementor-element-69ea844 elementor-widget elementor-widget-heading\" data-id=\"69ea844\" data-element_type=\"widget\" data-widget_type=\"heading.default\">\n\t\t\t\t<div class=\"elementor-widget-container\">\n\t\t\t\t\t<h2 class=\"elementor-heading-title elementor-size-default\">Estas enfermedades pueden pueden ser gen\u00e9ticas (cuando se presentan en familias, o son causadas por mutaciones en los genes) o adquiridas. <\/h2>\t\t\t\t<\/div>\n\t\t\t\t<\/div>\n\t\t\t\t<\/div>\n\t\t<div class=\"elementor-element elementor-element-c849cda e-con-full e-flex e-con e-child\" data-id=\"c849cda\" data-element_type=\"container\">\n\t\t\t\t<div class=\"elementor-element elementor-element-03ea5dc elementor-widget elementor-widget-image\" data-id=\"03ea5dc\" data-element_type=\"widget\" data-widget_type=\"image.default\">\n\t\t\t\t<div class=\"elementor-widget-container\">\n\t\t\t\t\t\t\t\t\t\t\t\t\t\t\t<img fetchpriority=\"high\" decoding=\"async\" width=\"449\" height=\"497\" src=\"https:\/\/centroneurologicointegralguatemala.com.gt\/centro-neurologico-integral-guatemala\/wp-content\/uploads\/2024\/09\/neurona.png\" class=\"attachment-large size-large wp-image-532\" alt=\"\" srcset=\"https:\/\/centroneurologicointegralguatemala.com.gt\/centro-neurologico-integral-guatemala\/wp-content\/uploads\/2024\/09\/neurona.png 449w, https:\/\/centroneurologicointegralguatemala.com.gt\/centro-neurologico-integral-guatemala\/wp-content\/uploads\/2024\/09\/neurona-271x300.png 271w\" sizes=\"100vw\" \/>\t\t\t\t\t\t\t\t\t\t\t\t\t\t\t<\/div>\n\t\t\t\t<\/div>\n\t\t\t\t<\/div>\n\t\t<div class=\"elementor-element elementor-element-1186559 e-con-full e-flex e-con e-child\" data-id=\"1186559\" data-element_type=\"container\">\n\t\t\t\t<div class=\"elementor-element elementor-element-9bb1e96 elementor-widget elementor-widget-heading\" data-id=\"9bb1e96\" data-element_type=\"widget\" data-widget_type=\"heading.default\">\n\t\t\t\t<div class=\"elementor-widget-container\">\n\t\t\t\t\t<h3 class=\"elementor-heading-title elementor-size-default\">Tipos de Enfermedades Neuromusculares<\/h3>\t\t\t\t<\/div>\n\t\t\t\t<\/div>\n\t\t\t\t<div class=\"elementor-element elementor-element-0724d95 elementor-widget elementor-widget-heading\" data-id=\"0724d95\" data-element_type=\"widget\" data-widget_type=\"heading.default\">\n\t\t\t\t<div class=\"elementor-widget-container\">\n\t\t\t\t\t<h6 class=\"elementor-heading-title elementor-size-default\">Amiotrofias espinales\n<br>\nDistrofia miot\u00f3nica de Steinert\n<br>\nDistrofias musculares\n<br>\nEnfermedades de la uni\u00f3n neuromuscular\n<br>\nEnfermedades musculares inflamatorias\n<br>\nMiopat\u00edas cong\u00e9nitas\n<br>\nMiopat\u00edas distales\n<br>\nMiopat\u00edas metab\u00f3licas\n<br>\nMiositis osificante progresiva\n<br>\nMioton\u00edas cong\u00e9nitas\n<br>\nNeuropat\u00edas hereditarias sensitivo-motoras (enfermedades de Charcot-Marie-Tooth)\n<br>\nPar\u00e1lisis peri\u00f3dicas familiares<\/h6>\t\t\t\t<\/div>\n\t\t\t\t<\/div>\n\t\t\t\t<\/div>\n\t\t\t\t\t<\/div>\n\t\t\t\t<\/div>\n\t\t\t\t<\/div>\n\t\t","protected":false},"excerpt":{"rendered":"<p>Enfermedades Neuromusculares \u00bfQu\u00e9 son las enfermedades neuromusculares? Las enfermedades neuromusculares son un conjunto de m\u00e1s de 150 patolog\u00edas que afectan a la musculatura y al sistema nervioso, y cuya principal caracter\u00edstica es la p\u00e9rdida de fuerza muscular. Son enfermedades cr\u00f3nicas y en un alto porcentaje degenerativas, por lo que producen diferentes grados de discapacidad, p\u00e9rdida &hellip; <\/p>\n<p class=\"link-more\"><a href=\"https:\/\/centroneurologicointegralguatemala.com.gt\/centro-neurologico-integral-guatemala\/index.php\/somos-tu-centro-de\/enfermedades-neuromusculares\/\" class=\"more-link\">Continuar leyendo<span class=\"screen-reader-text\"> &#8220;Enfermedades Neuromusculares&#8221;<\/span><\/a><\/p>\n","protected":false},"author":1,"featured_media":0,"parent":119,"menu_order":0,"comment_status":"closed","ping_status":"closed","template":"elementor_header_footer","meta":{"footnotes":""},"class_list":["post-178","page","type-page","status-publish","hentry"],"yoast_head":"<!-- This site is optimized with the Yoast SEO plugin v24.0 - https:\/\/yoast.com\/wordpress\/plugins\/seo\/ -->\n<title>Enfermedades Neuromusculares - Centro Neurologico Integral de Guatemala<\/title>\n<meta name=\"robots\" content=\"index, follow, max-snippet:-1, max-image-preview:large, max-video-preview:-1\" \/>\n<link rel=\"canonical\" href=\"https:\/\/centroneurologicointegralguatemala.com.gt\/centro-neurologico-integral-guatemala\/index.php\/somos-tu-centro-de\/enfermedades-neuromusculares\/\" \/>\n<meta property=\"og:locale\" content=\"es_ES\" \/>\n<meta property=\"og:type\" content=\"article\" \/>\n<meta property=\"og:title\" content=\"Enfermedades Neuromusculares - Centro Neurologico Integral de Guatemala\" \/>\n<meta property=\"og:description\" content=\"Enfermedades Neuromusculares \u00bfQu\u00e9 son las enfermedades neuromusculares? Las enfermedades neuromusculares son un conjunto de m\u00e1s de 150 patolog\u00edas que afectan a la musculatura y al sistema nervioso, y cuya principal caracter\u00edstica es la p\u00e9rdida de fuerza muscular. Son enfermedades cr\u00f3nicas y en un alto porcentaje degenerativas, por lo que producen diferentes grados de discapacidad, p\u00e9rdida &hellip; Continuar leyendo &quot;Enfermedades Neuromusculares&quot;\" \/>\n<meta property=\"og:url\" content=\"https:\/\/centroneurologicointegralguatemala.com.gt\/centro-neurologico-integral-guatemala\/index.php\/somos-tu-centro-de\/enfermedades-neuromusculares\/\" \/>\n<meta property=\"og:site_name\" content=\"Centro Neurologico Integral de Guatemala\" \/>\n<meta property=\"article:publisher\" content=\"https:\/\/www.facebook.com\/CentroNeurologicoIntergralGT\" \/>\n<meta property=\"article:modified_time\" content=\"2024-09-17T02:54:09+00:00\" \/>\n<meta property=\"og:image\" content=\"https:\/\/centroneurologicointegralguatemala.com.gt\/centro-neurologico-integral-guatemala\/wp-content\/uploads\/2024\/09\/neurona.png\" \/>\n<meta name=\"twitter:card\" content=\"summary_large_image\" \/>\n<meta name=\"twitter:label1\" content=\"Est. reading time\" \/>\n\t<meta name=\"twitter:data1\" content=\"1 minuto\" \/>\n<script type=\"application\/ld+json\" class=\"yoast-schema-graph\">{\"@context\":\"https:\/\/schema.org\",\"@graph\":[{\"@type\":\"WebPage\",\"@id\":\"https:\/\/centroneurologicointegralguatemala.com.gt\/centro-neurologico-integral-guatemala\/index.php\/somos-tu-centro-de\/enfermedades-neuromusculares\/\",\"url\":\"https:\/\/centroneurologicointegralguatemala.com.gt\/centro-neurologico-integral-guatemala\/index.php\/somos-tu-centro-de\/enfermedades-neuromusculares\/\",\"name\":\"Enfermedades Neuromusculares - Centro Neurologico Integral de Guatemala\",\"isPartOf\":{\"@id\":\"https:\/\/centroneurologicointegralguatemala.com.gt\/centro-neurologico-integral-guatemala\/#website\"},\"primaryImageOfPage\":{\"@id\":\"https:\/\/centroneurologicointegralguatemala.com.gt\/centro-neurologico-integral-guatemala\/index.php\/somos-tu-centro-de\/enfermedades-neuromusculares\/#primaryimage\"},\"image\":{\"@id\":\"https:\/\/centroneurologicointegralguatemala.com.gt\/centro-neurologico-integral-guatemala\/index.php\/somos-tu-centro-de\/enfermedades-neuromusculares\/#primaryimage\"},\"thumbnailUrl\":\"https:\/\/centroneurologicointegralguatemala.com.gt\/centro-neurologico-integral-guatemala\/wp-content\/uploads\/2024\/09\/neurona.png\",\"datePublished\":\"2024-07-30T04:21:50+00:00\",\"dateModified\":\"2024-09-17T02:54:09+00:00\",\"breadcrumb\":{\"@id\":\"https:\/\/centroneurologicointegralguatemala.com.gt\/centro-neurologico-integral-guatemala\/index.php\/somos-tu-centro-de\/enfermedades-neuromusculares\/#breadcrumb\"},\"inLanguage\":\"es\",\"potentialAction\":[{\"@type\":\"ReadAction\",\"target\":[\"https:\/\/centroneurologicointegralguatemala.com.gt\/centro-neurologico-integral-guatemala\/index.php\/somos-tu-centro-de\/enfermedades-neuromusculares\/\"]}]},{\"@type\":\"ImageObject\",\"inLanguage\":\"es\",\"@id\":\"https:\/\/centroneurologicointegralguatemala.com.gt\/centro-neurologico-integral-guatemala\/index.php\/somos-tu-centro-de\/enfermedades-neuromusculares\/#primaryimage\",\"url\":\"https:\/\/centroneurologicointegralguatemala.com.gt\/centro-neurologico-integral-guatemala\/wp-content\/uploads\/2024\/09\/neurona.png\",\"contentUrl\":\"https:\/\/centroneurologicointegralguatemala.com.gt\/centro-neurologico-integral-guatemala\/wp-content\/uploads\/2024\/09\/neurona.png\",\"width\":449,\"height\":497},{\"@type\":\"BreadcrumbList\",\"@id\":\"https:\/\/centroneurologicointegralguatemala.com.gt\/centro-neurologico-integral-guatemala\/index.php\/somos-tu-centro-de\/enfermedades-neuromusculares\/#breadcrumb\",\"itemListElement\":[{\"@type\":\"ListItem\",\"position\":1,\"name\":\"Home\",\"item\":\"https:\/\/centroneurologicointegralguatemala.com.gt\/centro-neurologico-integral-guatemala\/\"},{\"@type\":\"ListItem\",\"position\":2,\"name\":\"Somos Tu Centro de\",\"item\":\"https:\/\/centroneurologicointegralguatemala.com.gt\/centro-neurologico-integral-guatemala\/index.php\/somos-tu-centro-de\/\"},{\"@type\":\"ListItem\",\"position\":3,\"name\":\"Enfermedades Neuromusculares\"}]},{\"@type\":\"WebSite\",\"@id\":\"https:\/\/centroneurologicointegralguatemala.com.gt\/centro-neurologico-integral-guatemala\/#website\",\"url\":\"https:\/\/centroneurologicointegralguatemala.com.gt\/centro-neurologico-integral-guatemala\/\",\"name\":\"Centro Neurologico Integral de Guatemala\",\"description\":\"\",\"publisher\":{\"@id\":\"https:\/\/centroneurologicointegralguatemala.com.gt\/centro-neurologico-integral-guatemala\/#organization\"},\"potentialAction\":[{\"@type\":\"SearchAction\",\"target\":{\"@type\":\"EntryPoint\",\"urlTemplate\":\"https:\/\/centroneurologicointegralguatemala.com.gt\/centro-neurologico-integral-guatemala\/?s={search_term_string}\"},\"query-input\":{\"@type\":\"PropertyValueSpecification\",\"valueRequired\":true,\"valueName\":\"search_term_string\"}}],\"inLanguage\":\"es\"},{\"@type\":\"Organization\",\"@id\":\"https:\/\/centroneurologicointegralguatemala.com.gt\/centro-neurologico-integral-guatemala\/#organization\",\"name\":\"Centro Neurologico Integral de Guatemala\",\"url\":\"https:\/\/centroneurologicointegralguatemala.com.gt\/centro-neurologico-integral-guatemala\/\",\"logo\":{\"@type\":\"ImageObject\",\"inLanguage\":\"es\",\"@id\":\"https:\/\/centroneurologicointegralguatemala.com.gt\/centro-neurologico-integral-guatemala\/#\/schema\/logo\/image\/\",\"url\":\"https:\/\/centroneurologicointegralguatemala.com.gt\/centro-neurologico-integral-guatemala\/wp-content\/uploads\/2024\/07\/LOGO-cnigt-horizontal.png\",\"contentUrl\":\"https:\/\/centroneurologicointegralguatemala.com.gt\/centro-neurologico-integral-guatemala\/wp-content\/uploads\/2024\/07\/LOGO-cnigt-horizontal.png\",\"width\":2329,\"height\":919,\"caption\":\"Centro Neurologico Integral de Guatemala\"},\"image\":{\"@id\":\"https:\/\/centroneurologicointegralguatemala.com.gt\/centro-neurologico-integral-guatemala\/#\/schema\/logo\/image\/\"},\"sameAs\":[\"https:\/\/www.facebook.com\/CentroNeurologicoIntergralGT\"]}]}<\/script>\n<!-- \/ Yoast SEO plugin. -->","yoast_head_json":{"title":"Enfermedades Neuromusculares - Centro Neurologico Integral de Guatemala","robots":{"index":"index","follow":"follow","max-snippet":"max-snippet:-1","max-image-preview":"max-image-preview:large","max-video-preview":"max-video-preview:-1"},"canonical":"https:\/\/centroneurologicointegralguatemala.com.gt\/centro-neurologico-integral-guatemala\/index.php\/somos-tu-centro-de\/enfermedades-neuromusculares\/","og_locale":"es_ES","og_type":"article","og_title":"Enfermedades Neuromusculares - Centro Neurologico Integral de Guatemala","og_description":"Enfermedades Neuromusculares \u00bfQu\u00e9 son las enfermedades neuromusculares? Las enfermedades neuromusculares son un conjunto de m\u00e1s de 150 patolog\u00edas que afectan a la musculatura y al sistema nervioso, y cuya principal caracter\u00edstica es la p\u00e9rdida de fuerza muscular. Son enfermedades cr\u00f3nicas y en un alto porcentaje degenerativas, por lo que producen diferentes grados de discapacidad, p\u00e9rdida &hellip; Continuar leyendo \"Enfermedades Neuromusculares\"","og_url":"https:\/\/centroneurologicointegralguatemala.com.gt\/centro-neurologico-integral-guatemala\/index.php\/somos-tu-centro-de\/enfermedades-neuromusculares\/","og_site_name":"Centro Neurologico Integral de Guatemala","article_publisher":"https:\/\/www.facebook.com\/CentroNeurologicoIntergralGT","article_modified_time":"2024-09-17T02:54:09+00:00","og_image":[{"url":"https:\/\/centroneurologicointegralguatemala.com.gt\/centro-neurologico-integral-guatemala\/wp-content\/uploads\/2024\/09\/neurona.png","type":"","width":"","height":""}],"twitter_card":"summary_large_image","twitter_misc":{"Est. reading time":"1 minuto"},"schema":{"@context":"https:\/\/schema.org","@graph":[{"@type":"WebPage","@id":"https:\/\/centroneurologicointegralguatemala.com.gt\/centro-neurologico-integral-guatemala\/index.php\/somos-tu-centro-de\/enfermedades-neuromusculares\/","url":"https:\/\/centroneurologicointegralguatemala.com.gt\/centro-neurologico-integral-guatemala\/index.php\/somos-tu-centro-de\/enfermedades-neuromusculares\/","name":"Enfermedades Neuromusculares - Centro Neurologico Integral de Guatemala","isPartOf":{"@id":"https:\/\/centroneurologicointegralguatemala.com.gt\/centro-neurologico-integral-guatemala\/#website"},"primaryImageOfPage":{"@id":"https:\/\/centroneurologicointegralguatemala.com.gt\/centro-neurologico-integral-guatemala\/index.php\/somos-tu-centro-de\/enfermedades-neuromusculares\/#primaryimage"},"image":{"@id":"https:\/\/centroneurologicointegralguatemala.com.gt\/centro-neurologico-integral-guatemala\/index.php\/somos-tu-centro-de\/enfermedades-neuromusculares\/#primaryimage"},"thumbnailUrl":"https:\/\/centroneurologicointegralguatemala.com.gt\/centro-neurologico-integral-guatemala\/wp-content\/uploads\/2024\/09\/neurona.png","datePublished":"2024-07-30T04:21:50+00:00","dateModified":"2024-09-17T02:54:09+00:00","breadcrumb":{"@id":"https:\/\/centroneurologicointegralguatemala.com.gt\/centro-neurologico-integral-guatemala\/index.php\/somos-tu-centro-de\/enfermedades-neuromusculares\/#breadcrumb"},"inLanguage":"es","potentialAction":[{"@type":"ReadAction","target":["https:\/\/centroneurologicointegralguatemala.com.gt\/centro-neurologico-integral-guatemala\/index.php\/somos-tu-centro-de\/enfermedades-neuromusculares\/"]}]},{"@type":"ImageObject","inLanguage":"es","@id":"https:\/\/centroneurologicointegralguatemala.com.gt\/centro-neurologico-integral-guatemala\/index.php\/somos-tu-centro-de\/enfermedades-neuromusculares\/#primaryimage","url":"https:\/\/centroneurologicointegralguatemala.com.gt\/centro-neurologico-integral-guatemala\/wp-content\/uploads\/2024\/09\/neurona.png","contentUrl":"https:\/\/centroneurologicointegralguatemala.com.gt\/centro-neurologico-integral-guatemala\/wp-content\/uploads\/2024\/09\/neurona.png","width":449,"height":497},{"@type":"BreadcrumbList","@id":"https:\/\/centroneurologicointegralguatemala.com.gt\/centro-neurologico-integral-guatemala\/index.php\/somos-tu-centro-de\/enfermedades-neuromusculares\/#breadcrumb","itemListElement":[{"@type":"ListItem","position":1,"name":"Home","item":"https:\/\/centroneurologicointegralguatemala.com.gt\/centro-neurologico-integral-guatemala\/"},{"@type":"ListItem","position":2,"name":"Somos Tu Centro de","item":"https:\/\/centroneurologicointegralguatemala.com.gt\/centro-neurologico-integral-guatemala\/index.php\/somos-tu-centro-de\/"},{"@type":"ListItem","position":3,"name":"Enfermedades Neuromusculares"}]},{"@type":"WebSite","@id":"https:\/\/centroneurologicointegralguatemala.com.gt\/centro-neurologico-integral-guatemala\/#website","url":"https:\/\/centroneurologicointegralguatemala.com.gt\/centro-neurologico-integral-guatemala\/","name":"Centro Neurologico Integral de Guatemala","description":"","publisher":{"@id":"https:\/\/centroneurologicointegralguatemala.com.gt\/centro-neurologico-integral-guatemala\/#organization"},"potentialAction":[{"@type":"SearchAction","target":{"@type":"EntryPoint","urlTemplate":"https:\/\/centroneurologicointegralguatemala.com.gt\/centro-neurologico-integral-guatemala\/?s={search_term_string}"},"query-input":{"@type":"PropertyValueSpecification","valueRequired":true,"valueName":"search_term_string"}}],"inLanguage":"es"},{"@type":"Organization","@id":"https:\/\/centroneurologicointegralguatemala.com.gt\/centro-neurologico-integral-guatemala\/#organization","name":"Centro Neurologico Integral de Guatemala","url":"https:\/\/centroneurologicointegralguatemala.com.gt\/centro-neurologico-integral-guatemala\/","logo":{"@type":"ImageObject","inLanguage":"es","@id":"https:\/\/centroneurologicointegralguatemala.com.gt\/centro-neurologico-integral-guatemala\/#\/schema\/logo\/image\/","url":"https:\/\/centroneurologicointegralguatemala.com.gt\/centro-neurologico-integral-guatemala\/wp-content\/uploads\/2024\/07\/LOGO-cnigt-horizontal.png","contentUrl":"https:\/\/centroneurologicointegralguatemala.com.gt\/centro-neurologico-integral-guatemala\/wp-content\/uploads\/2024\/07\/LOGO-cnigt-horizontal.png","width":2329,"height":919,"caption":"Centro Neurologico Integral de Guatemala"},"image":{"@id":"https:\/\/centroneurologicointegralguatemala.com.gt\/centro-neurologico-integral-guatemala\/#\/schema\/logo\/image\/"},"sameAs":["https:\/\/www.facebook.com\/CentroNeurologicoIntergralGT"]}]}},"_links":{"self":[{"href":"https:\/\/centroneurologicointegralguatemala.com.gt\/centro-neurologico-integral-guatemala\/index.php\/wp-json\/wp\/v2\/pages\/178","targetHints":{"allow":["GET"]}}],"collection":[{"href":"https:\/\/centroneurologicointegralguatemala.com.gt\/centro-neurologico-integral-guatemala\/index.php\/wp-json\/wp\/v2\/pages"}],"about":[{"href":"https:\/\/centroneurologicointegralguatemala.com.gt\/centro-neurologico-integral-guatemala\/index.php\/wp-json\/wp\/v2\/types\/page"}],"author":[{"embeddable":true,"href":"https:\/\/centroneurologicointegralguatemala.com.gt\/centro-neurologico-integral-guatemala\/index.php\/wp-json\/wp\/v2\/users\/1"}],"replies":[{"embeddable":true,"href":"https:\/\/centroneurologicointegralguatemala.com.gt\/centro-neurologico-integral-guatemala\/index.php\/wp-json\/wp\/v2\/comments?post=178"}],"version-history":[{"count":37,"href":"https:\/\/centroneurologicointegralguatemala.com.gt\/centro-neurologico-integral-guatemala\/index.php\/wp-json\/wp\/v2\/pages\/178\/revisions"}],"predecessor-version":[{"id":714,"href":"https:\/\/centroneurologicointegralguatemala.com.gt\/centro-neurologico-integral-guatemala\/index.php\/wp-json\/wp\/v2\/pages\/178\/revisions\/714"}],"up":[{"embeddable":true,"href":"https:\/\/centroneurologicointegralguatemala.com.gt\/centro-neurologico-integral-guatemala\/index.php\/wp-json\/wp\/v2\/pages\/119"}],"wp:attachment":[{"href":"https:\/\/centroneurologicointegralguatemala.com.gt\/centro-neurologico-integral-guatemala\/index.php\/wp-json\/wp\/v2\/media?parent=178"}],"curies":[{"name":"wp","href":"https:\/\/api.w.org\/{rel}","templated":true}]}}